{"id":5077,"date":"2024-03-02T01:30:06","date_gmt":"2024-03-02T01:30:06","guid":{"rendered":"https:\/\/anderssenconsulting.com\/?page_id=5077"},"modified":"2024-03-04T04:00:51","modified_gmt":"2024-03-04T04:00:51","slug":"asesoria-financiera","status":"publish","type":"page","link":"https:\/\/anderssenconsulting.com\/index.php\/asesoria-financiera\/","title":{"rendered":"asesoria financiera"},"content":{"rendered":"\t\t<div data-elementor-type=\"wp-page\" data-elementor-id=\"5077\" class=\"elementor elementor-5077\" data-elementor-post-type=\"page\">\n\t\t\t\t\t\t<section class=\"elementor-section elementor-top-section elementor-element elementor-element-9dc5366 elementor-section-boxed elementor-section-height-default elementor-section-height-default\" data-id=\"9dc5366\" data-element_type=\"section\" data-settings=\"{&quot;background_background&quot;:&quot;classic&quot;,&quot;sticky&quot;:&quot;top&quot;,&quot;sticky_on&quot;:[&quot;desktop&quot;,&quot;tablet&quot;,&quot;mobile&quot;],&quot;sticky_offset&quot;:0,&quot;sticky_effects_offset&quot;:0}\">\n\t\t\t\t\t\t<div class=\"elementor-container elementor-column-gap-no\">\n\t\t\t\t\t<div class=\"elementor-column elementor-col-50 elementor-top-column elementor-element elementor-element-edb7627\" data-id=\"edb7627\" data-element_type=\"column\">\n\t\t\t<div class=\"elementor-widget-wrap elementor-element-populated\">\n\t\t\t\t\t\t<div class=\"elementor-element elementor-element-8a6b9bf elementor-widget elementor-widget-image\" data-id=\"8a6b9bf\" data-element_type=\"widget\" data-widget_type=\"image.default\">\n\t\t\t\t<div class=\"elementor-widget-container\">\n\t\t\t\t\t\t\t\t\t\t\t\t\t\t\t<img fetchpriority=\"high\" decoding=\"async\" width=\"2342\" height=\"600\" src=\"https:\/\/anderssenconsulting.com\/wp-content\/uploads\/2024\/02\/logo-oficial.png\" class=\"attachment-full size-full wp-image-4780\" alt=\"\" srcset=\"https:\/\/anderssenconsulting.com\/wp-content\/uploads\/2024\/02\/logo-oficial.png 2342w, https:\/\/anderssenconsulting.com\/wp-content\/uploads\/2024\/02\/logo-oficial-1024x262.png 1024w, https:\/\/anderssenconsulting.com\/wp-content\/uploads\/2024\/02\/logo-oficial-768x197.png 768w, https:\/\/anderssenconsulting.com\/wp-content\/uploads\/2024\/02\/logo-oficial-600x154.png 600w\" sizes=\"(max-width: 2342px) 100vw, 2342px\" \/>\t\t\t\t\t\t\t\t\t\t\t\t\t\t\t<\/div>\n\t\t\t\t<\/div>\n\t\t\t\t\t<\/div>\n\t\t<\/div>\n\t\t\t\t<div class=\"elementor-column elementor-col-50 elementor-top-column elementor-element elementor-element-ed6d091\" data-id=\"ed6d091\" data-element_type=\"column\">\n\t\t\t<div class=\"elementor-widget-wrap elementor-element-populated\">\n\t\t\t\t\t\t<div class=\"elementor-element elementor-element-2cdc629 elementor-widget__width-initial elementor-nav-menu--dropdown-tablet elementor-nav-menu__text-align-aside elementor-nav-menu--toggle elementor-nav-menu--burger elementor-widget elementor-widget-nav-menu\" data-id=\"2cdc629\" data-element_type=\"widget\" data-settings=\"{&quot;layout&quot;:&quot;horizontal&quot;,&quot;submenu_icon&quot;:{&quot;value&quot;:&quot;&lt;i class=\\&quot;fas fa-caret-down\\&quot;&gt;&lt;\\\/i&gt;&quot;,&quot;library&quot;:&quot;fa-solid&quot;},&quot;toggle&quot;:&quot;burger&quot;}\" data-widget_type=\"nav-menu.default\">\n\t\t\t\t<div class=\"elementor-widget-container\">\n\t\t\t\t\t\t\t\t<nav aria-label=\"Menu\" class=\"elementor-nav-menu--main elementor-nav-menu__container elementor-nav-menu--layout-horizontal e--pointer-underline e--animation-none\">\n\t\t\t\t<ul id=\"menu-1-2cdc629\" class=\"elementor-nav-menu\"><li class=\"menu-item menu-item-type-custom menu-item-object-custom menu-item-home menu-item-568\"><a href=\"https:\/\/anderssenconsulting.com\/\" class=\"elementor-item\">lnicio<\/a><\/li>\n<li class=\"menu-item menu-item-type-custom menu-item-object-custom menu-item-home menu-item-569\"><a href=\"https:\/\/anderssenconsulting.com\/#acerca\" class=\"elementor-item elementor-item-anchor\">Acerca de ACM<\/a><\/li>\n<li class=\"menu-item menu-item-type-custom menu-item-object-custom menu-item-has-children menu-item-570\"><a href=\"#\" class=\"elementor-item elementor-item-anchor\">Servicios<\/a>\n<ul class=\"sub-menu elementor-nav-menu--dropdown\">\n\t<li class=\"menu-item menu-item-type-post_type menu-item-object-page menu-item-5088\"><a href=\"https:\/\/anderssenconsulting.com\/index.php\/servicios\/\" class=\"elementor-sub-item\">Planeamiento Estrat\u00e9gico<\/a><\/li>\n\t<li class=\"menu-item menu-item-type-post_type menu-item-object-page menu-item-5087\"><a href=\"https:\/\/anderssenconsulting.com\/index.php\/gestion-por-procesos\/\" class=\"elementor-sub-item\">Gesti\u00f3n por Procesos<\/a><\/li>\n\t<li class=\"menu-item menu-item-type-post_type menu-item-object-page menu-item-5086\"><a href=\"https:\/\/anderssenconsulting.com\/index.php\/asesoria-financiera\/\" class=\"elementor-sub-item\">Asesor\u00eda Financiera<\/a><\/li>\n\t<li class=\"menu-item menu-item-type-post_type menu-item-object-page menu-item-5096\"><a href=\"https:\/\/anderssenconsulting.com\/index.php\/asesoria-contable\/\" class=\"elementor-sub-item\">Asesor\u00eda Contable<\/a><\/li>\n\t<li class=\"menu-item menu-item-type-post_type menu-item-object-page menu-item-5104\"><a href=\"https:\/\/anderssenconsulting.com\/index.php\/negocios-internacionales\/\" class=\"elementor-sub-item\">Negocios Internacionales<\/a><\/li>\n\t<li class=\"menu-item menu-item-type-post_type menu-item-object-page menu-item-5112\"><a href=\"https:\/\/anderssenconsulting.com\/index.php\/asesoria-legal\/\" class=\"elementor-sub-item\">Asesoria Legal<\/a><\/li>\n\t<li class=\"menu-item menu-item-type-post_type menu-item-object-page menu-item-5120\"><a href=\"https:\/\/anderssenconsulting.com\/index.php\/asesoria-marketing\/\" class=\"elementor-sub-item\">Asesor\u00eda Marketing<\/a><\/li>\n\t<li class=\"menu-item menu-item-type-post_type menu-item-object-page menu-item-5127\"><a href=\"https:\/\/anderssenconsulting.com\/index.php\/asesoria-tics\/\" class=\"elementor-sub-item\">Asesor\u00eda TICs<\/a><\/li>\n\t<li class=\"menu-item menu-item-type-post_type menu-item-object-page menu-item-5134\"><a href=\"https:\/\/anderssenconsulting.com\/index.php\/gestion-del-talento-humano\/\" class=\"elementor-sub-item\">Gesti\u00f3n del Talento Humano<\/a><\/li>\n<\/ul>\n<\/li>\n<li class=\"menu-item menu-item-type-post_type menu-item-object-page menu-item-5186\"><a href=\"https:\/\/anderssenconsulting.com\/index.php\/expriencia\/\" class=\"elementor-item\">Expriencia<\/a><\/li>\n<li class=\"menu-item menu-item-type-custom menu-item-object-custom menu-item-home menu-item-4690\"><a href=\"https:\/\/anderssenconsulting.com\/#conta\" class=\"elementor-item elementor-item-anchor\">Cont\u00e1ctenos<\/a><\/li>\n<\/ul>\t\t\t<\/nav>\n\t\t\t\t\t<div class=\"elementor-menu-toggle\" role=\"button\" tabindex=\"0\" aria-label=\"Menu Toggle\" aria-expanded=\"false\">\n\t\t\t<i aria-hidden=\"true\" role=\"presentation\" class=\"elementor-menu-toggle__icon--open eicon-menu-bar\"><\/i><i aria-hidden=\"true\" role=\"presentation\" class=\"elementor-menu-toggle__icon--close eicon-close\"><\/i>\t\t\t<span class=\"elementor-screen-only\">Menu<\/span>\n\t\t<\/div>\n\t\t\t\t\t<nav class=\"elementor-nav-menu--dropdown elementor-nav-menu__container\" aria-hidden=\"true\">\n\t\t\t\t<ul id=\"menu-2-2cdc629\" class=\"elementor-nav-menu\"><li class=\"menu-item menu-item-type-custom menu-item-object-custom menu-item-home menu-item-568\"><a href=\"https:\/\/anderssenconsulting.com\/\" class=\"elementor-item\" tabindex=\"-1\">lnicio<\/a><\/li>\n<li class=\"menu-item menu-item-type-custom menu-item-object-custom menu-item-home menu-item-569\"><a href=\"https:\/\/anderssenconsulting.com\/#acerca\" class=\"elementor-item elementor-item-anchor\" tabindex=\"-1\">Acerca de ACM<\/a><\/li>\n<li class=\"menu-item menu-item-type-custom menu-item-object-custom menu-item-has-children menu-item-570\"><a href=\"#\" class=\"elementor-item elementor-item-anchor\" tabindex=\"-1\">Servicios<\/a>\n<ul class=\"sub-menu elementor-nav-menu--dropdown\">\n\t<li class=\"menu-item menu-item-type-post_type menu-item-object-page menu-item-5088\"><a href=\"https:\/\/anderssenconsulting.com\/index.php\/servicios\/\" class=\"elementor-sub-item\" tabindex=\"-1\">Planeamiento Estrat\u00e9gico<\/a><\/li>\n\t<li class=\"menu-item menu-item-type-post_type menu-item-object-page menu-item-5087\"><a href=\"https:\/\/anderssenconsulting.com\/index.php\/gestion-por-procesos\/\" class=\"elementor-sub-item\" tabindex=\"-1\">Gesti\u00f3n por Procesos<\/a><\/li>\n\t<li class=\"menu-item menu-item-type-post_type menu-item-object-page menu-item-5086\"><a href=\"https:\/\/anderssenconsulting.com\/index.php\/asesoria-financiera\/\" class=\"elementor-sub-item\" tabindex=\"-1\">Asesor\u00eda Financiera<\/a><\/li>\n\t<li class=\"menu-item menu-item-type-post_type menu-item-object-page menu-item-5096\"><a href=\"https:\/\/anderssenconsulting.com\/index.php\/asesoria-contable\/\" class=\"elementor-sub-item\" tabindex=\"-1\">Asesor\u00eda Contable<\/a><\/li>\n\t<li class=\"menu-item menu-item-type-post_type menu-item-object-page menu-item-5104\"><a href=\"https:\/\/anderssenconsulting.com\/index.php\/negocios-internacionales\/\" class=\"elementor-sub-item\" tabindex=\"-1\">Negocios Internacionales<\/a><\/li>\n\t<li class=\"menu-item menu-item-type-post_type menu-item-object-page menu-item-5112\"><a href=\"https:\/\/anderssenconsulting.com\/index.php\/asesoria-legal\/\" class=\"elementor-sub-item\" tabindex=\"-1\">Asesoria Legal<\/a><\/li>\n\t<li class=\"menu-item menu-item-type-post_type menu-item-object-page menu-item-5120\"><a href=\"https:\/\/anderssenconsulting.com\/index.php\/asesoria-marketing\/\" class=\"elementor-sub-item\" tabindex=\"-1\">Asesor\u00eda Marketing<\/a><\/li>\n\t<li class=\"menu-item menu-item-type-post_type menu-item-object-page menu-item-5127\"><a href=\"https:\/\/anderssenconsulting.com\/index.php\/asesoria-tics\/\" class=\"elementor-sub-item\" tabindex=\"-1\">Asesor\u00eda TICs<\/a><\/li>\n\t<li class=\"menu-item menu-item-type-post_type menu-item-object-page menu-item-5134\"><a href=\"https:\/\/anderssenconsulting.com\/index.php\/gestion-del-talento-humano\/\" class=\"elementor-sub-item\" tabindex=\"-1\">Gesti\u00f3n del Talento Humano<\/a><\/li>\n<\/ul>\n<\/li>\n<li class=\"menu-item menu-item-type-post_type menu-item-object-page menu-item-5186\"><a href=\"https:\/\/anderssenconsulting.com\/index.php\/expriencia\/\" class=\"elementor-item\" tabindex=\"-1\">Expriencia<\/a><\/li>\n<li class=\"menu-item menu-item-type-custom menu-item-object-custom menu-item-home menu-item-4690\"><a href=\"https:\/\/anderssenconsulting.com\/#conta\" class=\"elementor-item elementor-item-anchor\" tabindex=\"-1\">Cont\u00e1ctenos<\/a><\/li>\n<\/ul>\t\t\t<\/nav>\n\t\t\t\t\t\t<\/div>\n\t\t\t\t<\/div>\n\t\t\t\t\t<\/div>\n\t\t<\/div>\n\t\t\t\t\t<\/div>\n\t\t<\/section>\n\t\t\t\t<section class=\"elementor-section elementor-top-section elementor-element elementor-element-0247c75 elementor-section-height-full elementor-section-boxed elementor-section-height-default elementor-section-items-middle\" data-id=\"0247c75\" data-element_type=\"section\" data-settings=\"{&quot;background_background&quot;:&quot;classic&quot;}\">\n\t\t\t\t\t\t<div class=\"elementor-container elementor-column-gap-default\">\n\t\t\t\t\t<div class=\"elementor-column elementor-col-100 elementor-top-column elementor-element elementor-element-731564a\" data-id=\"731564a\" data-element_type=\"column\" data-settings=\"{&quot;background_background&quot;:&quot;classic&quot;}\">\n\t\t\t<div class=\"elementor-widget-wrap elementor-element-populated\">\n\t\t\t\t\t\t<section class=\"elementor-section elementor-inner-section elementor-element elementor-element-4866f50 elementor-section-boxed elementor-section-height-default elementor-section-height-default\" data-id=\"4866f50\" data-element_type=\"section\">\n\t\t\t\t\t\t<div class=\"elementor-container elementor-column-gap-default\">\n\t\t\t\t\t<div class=\"elementor-column elementor-col-50 elementor-inner-column elementor-element elementor-element-3950c0a\" data-id=\"3950c0a\" data-element_type=\"column\">\n\t\t\t<div class=\"elementor-widget-wrap elementor-element-populated\">\n\t\t\t\t\t\t<div class=\"elementor-element elementor-element-8341019 elementor-invisible elementor-widget elementor-widget-gva-heading-block\" data-id=\"8341019\" data-element_type=\"widget\" data-settings=\"{&quot;_animation&quot;:&quot;fadeInLeft&quot;}\" data-widget_type=\"gva-heading-block.default\">\n\t\t\t\t<div class=\"elementor-widget-container\">\n\t\t\t\t\t<div class=\"gva-element-gva-heading-block gva-element\">   <div class=\"align-left style-1 widget gsc-heading box-align-left auto-responsive\">\r\n      <div class=\"content-inner\">\r\n         \r\n                  \r\n           \r\n         \r\n                     <h2 class=\"title\">\r\n               <span>Asesor\u00eda Financiera\n<\/span>\r\n            <\/h2>\r\n                  \r\n         \r\n         \r\n      <\/div>\r\n   <\/div>\r\n<\/div>\t\t\t\t<\/div>\n\t\t\t\t<\/div>\n\t\t\t\t<div class=\"elementor-element elementor-element-bd56d35 elementor-invisible elementor-widget elementor-widget-text-editor\" data-id=\"bd56d35\" data-element_type=\"widget\" data-settings=\"{&quot;_animation&quot;:&quot;fadeInLeft&quot;}\" data-widget_type=\"text-editor.default\">\n\t\t\t\t<div class=\"elementor-widget-container\">\n\t\t\t\t\t\t\t\t\t<em>La Gesti\u00f3n eficaz de las finanzas en las organizaciones permitir\u00e1 maximizar el valor de la empresa, la misma que traer\u00e1 consigo la maximizaci\u00f3n de las utilidades de los inversionistas, siempre y cuando estos resultados se deriven de la puesta en marcha de una pol\u00edtica y \u00e9tica financiera.<\/em>\t\t\t\t\t\t\t\t<\/div>\n\t\t\t\t<\/div>\n\t\t\t\t<div class=\"elementor-element elementor-element-664965c elementor-invisible elementor-widget elementor-widget-text-editor\" data-id=\"664965c\" data-element_type=\"widget\" data-settings=\"{&quot;_animation&quot;:&quot;fadeInLeft&quot;}\" data-widget_type=\"text-editor.default\">\n\t\t\t\t<div class=\"elementor-widget-container\">\n\t\t\t\t\t\t\t\t\t<ul><li>An\u00e1lisis e Interpretaci\u00f3n de Estados Financieros<\/li><li>Optimizaci\u00f3n de Procesos Financieros<\/li><li>Valorizaci\u00f3n de Activos<\/li><li>Evaluaci\u00f3n de Proyectos<\/li><li>Gesti\u00f3n Econ\u00f3mico \u2013 Financiera<\/li><li>Gesti\u00f3n Integral de Riesgos<\/li><li>Gesti\u00f3n de Riesgos Financieros<\/li><li>Gesti\u00f3n de Riesgos Operacionales<\/li><li>Evaluaci\u00f3n de Costos<\/li><li>Reingenier\u00eda Financiera<\/li><li>Establecimiento de Indicadores Financieros<\/li><li>Implementaci\u00f3n de Pol\u00edticas Financieras<\/li><li>Auditor\u00eda Financiera<\/li><\/ul>\t\t\t\t\t\t\t\t<\/div>\n\t\t\t\t<\/div>\n\t\t\t\t\t<\/div>\n\t\t<\/div>\n\t\t\t\t<div class=\"elementor-column elementor-col-50 elementor-inner-column elementor-element elementor-element-75014b1\" data-id=\"75014b1\" data-element_type=\"column\">\n\t\t\t<div class=\"elementor-widget-wrap elementor-element-populated\">\n\t\t\t\t\t\t<div class=\"elementor-element elementor-element-334dc1c elementor-widget elementor-widget-image\" data-id=\"334dc1c\" data-element_type=\"widget\" data-widget_type=\"image.default\">\n\t\t\t\t<div class=\"elementor-widget-container\">\n\t\t\t\t\t\t\t\t\t\t\t\t\t\t\t<img decoding=\"async\" src=\"https:\/\/anderssenconsulting.com\/wp-content\/uploads\/2023\/07\/barra1.png\" title=\"\" alt=\"\" loading=\"lazy\" \/>\t\t\t\t\t\t\t\t\t\t\t\t\t\t\t<\/div>\n\t\t\t\t<\/div>\n\t\t\t\t<div class=\"elementor-element elementor-element-6e5f627 elementor-invisible elementor-widget elementor-widget-image\" data-id=\"6e5f627\" data-element_type=\"widget\" data-settings=\"{&quot;_animation&quot;:&quot;fadeInRight&quot;}\" data-widget_type=\"image.default\">\n\t\t\t\t<div class=\"elementor-widget-container\">\n\t\t\t\t\t\t\t\t\t\t\t\t\t\t\t<img decoding=\"async\" width=\"900\" height=\"599\" src=\"https:\/\/anderssenconsulting.com\/wp-content\/uploads\/2024\/03\/s3-1024x682.jpg\" class=\"elementor-animation-wobble-horizontal attachment-large size-large wp-image-5082\" alt=\"\" srcset=\"https:\/\/anderssenconsulting.com\/wp-content\/uploads\/2024\/03\/s3-1024x682.jpg 1024w, https:\/\/anderssenconsulting.com\/wp-content\/uploads\/2024\/03\/s3-768x512.jpg 768w, https:\/\/anderssenconsulting.com\/wp-content\/uploads\/2024\/03\/s3.jpg 1276w\" sizes=\"(max-width: 900px) 100vw, 900px\" \/>\t\t\t\t\t\t\t\t\t\t\t\t\t\t\t<\/div>\n\t\t\t\t<\/div>\n\t\t\t\t\t<\/div>\n\t\t<\/div>\n\t\t\t\t\t<\/div>\n\t\t<\/section>\n\t\t\t\t\t<\/div>\n\t\t<\/div>\n\t\t\t\t\t<\/div>\n\t\t<\/section>\n\t\t\t\t<\/div>\n\t\t","protected":false},"excerpt":{"rendered":"<p>Asesor\u00eda Financiera La Gesti\u00f3n eficaz de las finanzas en las organizaciones permitir\u00e1 maximizar el valor de la empresa, la misma que traer\u00e1 consigo la maximizaci\u00f3n de las utilidades de los inversionistas, siempre y cuando estos resultados se deriven de la puesta en marcha de una pol\u00edtica y \u00e9tica financiera. An\u00e1lisis e Interpretaci\u00f3n de Estados Financieros [&hellip;]<\/p>\n","protected":false},"author":3,"featured_media":0,"parent":0,"menu_order":0,"comment_status":"closed","ping_status":"closed","template":"","meta":{"footnotes":""},"class_list":["post-5077","page","type-page","status-publish","hentry"],"yoast_head":"<!-- This site is optimized with the Yoast SEO plugin v22.7 - https:\/\/yoast.com\/wordpress\/plugins\/seo\/ -->\n<title>asesoria financiera - Anderssen Consulting<\/title>\n<meta name=\"robots\" content=\"index, follow, max-snippet:-1, max-image-preview:large, max-video-preview:-1\" \/>\n<link rel=\"canonical\" href=\"https:\/\/anderssenconsulting.com\/index.php\/asesoria-financiera\/\" \/>\n<meta property=\"og:locale\" content=\"es_ES\" \/>\n<meta property=\"og:type\" content=\"article\" \/>\n<meta property=\"og:title\" content=\"asesoria financiera - Anderssen Consulting\" \/>\n<meta property=\"og:description\" content=\"Asesor\u00eda Financiera La Gesti\u00f3n eficaz de las finanzas en las organizaciones permitir\u00e1 maximizar el valor de la empresa, la misma que traer\u00e1 consigo la maximizaci\u00f3n de las utilidades de los inversionistas, siempre y cuando estos resultados se deriven de la puesta en marcha de una pol\u00edtica y \u00e9tica financiera. An\u00e1lisis e Interpretaci\u00f3n de Estados Financieros [&hellip;]\" \/>\n<meta property=\"og:url\" content=\"https:\/\/anderssenconsulting.com\/index.php\/asesoria-financiera\/\" \/>\n<meta property=\"og:site_name\" content=\"Anderssen Consulting\" \/>\n<meta property=\"article:modified_time\" content=\"2024-03-04T04:00:51+00:00\" \/>\n<meta property=\"og:image\" content=\"https:\/\/anderssenconsulting.com\/wp-content\/uploads\/2024\/02\/logo-oficial.png\" \/>\n<meta name=\"twitter:card\" content=\"summary_large_image\" \/>\n<meta name=\"twitter:label1\" content=\"Tiempo de lectura\" \/>\n\t<meta name=\"twitter:data1\" content=\"1 minuto\" \/>\n<script type=\"application\/ld+json\" class=\"yoast-schema-graph\">{\"@context\":\"https:\/\/schema.org\",\"@graph\":[{\"@type\":\"WebPage\",\"@id\":\"https:\/\/anderssenconsulting.com\/index.php\/asesoria-financiera\/\",\"url\":\"https:\/\/anderssenconsulting.com\/index.php\/asesoria-financiera\/\",\"name\":\"asesoria financiera - Anderssen Consulting\",\"isPartOf\":{\"@id\":\"https:\/\/anderssenconsulting.com\/#website\"},\"primaryImageOfPage\":{\"@id\":\"https:\/\/anderssenconsulting.com\/index.php\/asesoria-financiera\/#primaryimage\"},\"image\":{\"@id\":\"https:\/\/anderssenconsulting.com\/index.php\/asesoria-financiera\/#primaryimage\"},\"thumbnailUrl\":\"https:\/\/anderssenconsulting.com\/wp-content\/uploads\/2024\/02\/logo-oficial.png\",\"datePublished\":\"2024-03-02T01:30:06+00:00\",\"dateModified\":\"2024-03-04T04:00:51+00:00\",\"breadcrumb\":{\"@id\":\"https:\/\/anderssenconsulting.com\/index.php\/asesoria-financiera\/#breadcrumb\"},\"inLanguage\":\"es\",\"potentialAction\":[{\"@type\":\"ReadAction\",\"target\":[\"https:\/\/anderssenconsulting.com\/index.php\/asesoria-financiera\/\"]}]},{\"@type\":\"ImageObject\",\"inLanguage\":\"es\",\"@id\":\"https:\/\/anderssenconsulting.com\/index.php\/asesoria-financiera\/#primaryimage\",\"url\":\"https:\/\/anderssenconsulting.com\/wp-content\/uploads\/2024\/02\/logo-oficial.png\",\"contentUrl\":\"https:\/\/anderssenconsulting.com\/wp-content\/uploads\/2024\/02\/logo-oficial.png\",\"width\":2342,\"height\":600},{\"@type\":\"BreadcrumbList\",\"@id\":\"https:\/\/anderssenconsulting.com\/index.php\/asesoria-financiera\/#breadcrumb\",\"itemListElement\":[{\"@type\":\"ListItem\",\"position\":1,\"name\":\"Portada\",\"item\":\"https:\/\/anderssenconsulting.com\/\"},{\"@type\":\"ListItem\",\"position\":2,\"name\":\"asesoria financiera\"}]},{\"@type\":\"WebSite\",\"@id\":\"https:\/\/anderssenconsulting.com\/#website\",\"url\":\"https:\/\/anderssenconsulting.com\/\",\"name\":\"Anderssen Consulting\",\"description\":\"Servicio de Asesor\u00eda Empresarial\",\"publisher\":{\"@id\":\"https:\/\/anderssenconsulting.com\/#organization\"},\"potentialAction\":[{\"@type\":\"SearchAction\",\"target\":{\"@type\":\"EntryPoint\",\"urlTemplate\":\"https:\/\/anderssenconsulting.com\/?s={search_term_string}\"},\"query-input\":\"required name=search_term_string\"}],\"inLanguage\":\"es\"},{\"@type\":\"Organization\",\"@id\":\"https:\/\/anderssenconsulting.com\/#organization\",\"name\":\"Anderssen Consulting\",\"url\":\"https:\/\/anderssenconsulting.com\/\",\"logo\":{\"@type\":\"ImageObject\",\"inLanguage\":\"es\",\"@id\":\"https:\/\/anderssenconsulting.com\/#\/schema\/logo\/image\/\",\"url\":\"https:\/\/anderssenconsulting.com\/wp-content\/uploads\/2024\/03\/logo-p.jpg\",\"contentUrl\":\"https:\/\/anderssenconsulting.com\/wp-content\/uploads\/2024\/03\/logo-p.jpg\",\"width\":800,\"height\":566,\"caption\":\"Anderssen Consulting\"},\"image\":{\"@id\":\"https:\/\/anderssenconsulting.com\/#\/schema\/logo\/image\/\"}}]}<\/script>\n<!-- \/ Yoast SEO plugin. -->","yoast_head_json":{"title":"asesoria financiera - Anderssen Consulting","robots":{"index":"index","follow":"follow","max-snippet":"max-snippet:-1","max-image-preview":"max-image-preview:large","max-video-preview":"max-video-preview:-1"},"canonical":"https:\/\/anderssenconsulting.com\/index.php\/asesoria-financiera\/","og_locale":"es_ES","og_type":"article","og_title":"asesoria financiera - Anderssen Consulting","og_description":"Asesor\u00eda Financiera La Gesti\u00f3n eficaz de las finanzas en las organizaciones permitir\u00e1 maximizar el valor de la empresa, la misma que traer\u00e1 consigo la maximizaci\u00f3n de las utilidades de los inversionistas, siempre y cuando estos resultados se deriven de la puesta en marcha de una pol\u00edtica y \u00e9tica financiera. An\u00e1lisis e Interpretaci\u00f3n de Estados Financieros [&hellip;]","og_url":"https:\/\/anderssenconsulting.com\/index.php\/asesoria-financiera\/","og_site_name":"Anderssen Consulting","article_modified_time":"2024-03-04T04:00:51+00:00","og_image":[{"url":"https:\/\/anderssenconsulting.com\/wp-content\/uploads\/2024\/02\/logo-oficial.png"}],"twitter_card":"summary_large_image","twitter_misc":{"Tiempo de lectura":"1 minuto"},"schema":{"@context":"https:\/\/schema.org","@graph":[{"@type":"WebPage","@id":"https:\/\/anderssenconsulting.com\/index.php\/asesoria-financiera\/","url":"https:\/\/anderssenconsulting.com\/index.php\/asesoria-financiera\/","name":"asesoria financiera - Anderssen Consulting","isPartOf":{"@id":"https:\/\/anderssenconsulting.com\/#website"},"primaryImageOfPage":{"@id":"https:\/\/anderssenconsulting.com\/index.php\/asesoria-financiera\/#primaryimage"},"image":{"@id":"https:\/\/anderssenconsulting.com\/index.php\/asesoria-financiera\/#primaryimage"},"thumbnailUrl":"https:\/\/anderssenconsulting.com\/wp-content\/uploads\/2024\/02\/logo-oficial.png","datePublished":"2024-03-02T01:30:06+00:00","dateModified":"2024-03-04T04:00:51+00:00","breadcrumb":{"@id":"https:\/\/anderssenconsulting.com\/index.php\/asesoria-financiera\/#breadcrumb"},"inLanguage":"es","potentialAction":[{"@type":"ReadAction","target":["https:\/\/anderssenconsulting.com\/index.php\/asesoria-financiera\/"]}]},{"@type":"ImageObject","inLanguage":"es","@id":"https:\/\/anderssenconsulting.com\/index.php\/asesoria-financiera\/#primaryimage","url":"https:\/\/anderssenconsulting.com\/wp-content\/uploads\/2024\/02\/logo-oficial.png","contentUrl":"https:\/\/anderssenconsulting.com\/wp-content\/uploads\/2024\/02\/logo-oficial.png","width":2342,"height":600},{"@type":"BreadcrumbList","@id":"https:\/\/anderssenconsulting.com\/index.php\/asesoria-financiera\/#breadcrumb","itemListElement":[{"@type":"ListItem","position":1,"name":"Portada","item":"https:\/\/anderssenconsulting.com\/"},{"@type":"ListItem","position":2,"name":"asesoria financiera"}]},{"@type":"WebSite","@id":"https:\/\/anderssenconsulting.com\/#website","url":"https:\/\/anderssenconsulting.com\/","name":"Anderssen Consulting","description":"Servicio de Asesor\u00eda Empresarial","publisher":{"@id":"https:\/\/anderssenconsulting.com\/#organization"},"potentialAction":[{"@type":"SearchAction","target":{"@type":"EntryPoint","urlTemplate":"https:\/\/anderssenconsulting.com\/?s={search_term_string}"},"query-input":"required name=search_term_string"}],"inLanguage":"es"},{"@type":"Organization","@id":"https:\/\/anderssenconsulting.com\/#organization","name":"Anderssen Consulting","url":"https:\/\/anderssenconsulting.com\/","logo":{"@type":"ImageObject","inLanguage":"es","@id":"https:\/\/anderssenconsulting.com\/#\/schema\/logo\/image\/","url":"https:\/\/anderssenconsulting.com\/wp-content\/uploads\/2024\/03\/logo-p.jpg","contentUrl":"https:\/\/anderssenconsulting.com\/wp-content\/uploads\/2024\/03\/logo-p.jpg","width":800,"height":566,"caption":"Anderssen Consulting"},"image":{"@id":"https:\/\/anderssenconsulting.com\/#\/schema\/logo\/image\/"}}]}},"_links":{"self":[{"href":"https:\/\/anderssenconsulting.com\/index.php\/wp-json\/wp\/v2\/pages\/5077","targetHints":{"allow":["GET"]}}],"collection":[{"href":"https:\/\/anderssenconsulting.com\/index.php\/wp-json\/wp\/v2\/pages"}],"about":[{"href":"https:\/\/anderssenconsulting.com\/index.php\/wp-json\/wp\/v2\/types\/page"}],"author":[{"embeddable":true,"href":"https:\/\/anderssenconsulting.com\/index.php\/wp-json\/wp\/v2\/users\/3"}],"replies":[{"embeddable":true,"href":"https:\/\/anderssenconsulting.com\/index.php\/wp-json\/wp\/v2\/comments?post=5077"}],"version-history":[{"count":16,"href":"https:\/\/anderssenconsulting.com\/index.php\/wp-json\/wp\/v2\/pages\/5077\/revisions"}],"predecessor-version":[{"id":5260,"href":"https:\/\/anderssenconsulting.com\/index.php\/wp-json\/wp\/v2\/pages\/5077\/revisions\/5260"}],"wp:attachment":[{"href":"https:\/\/anderssenconsulting.com\/index.php\/wp-json\/wp\/v2\/media?parent=5077"}],"curies":[{"name":"wp","href":"https:\/\/api.w.org\/{rel}","templated":true}]}}